{"id":11,"date":"2011-04-02T18:23:25","date_gmt":"2011-04-02T18:23:25","guid":{"rendered":"http:\/\/www.cvjm-stgeorgen.de\/cvjm_stg\/?page_id=11"},"modified":"2021-09-19T10:35:48","modified_gmt":"2021-09-19T10:35:48","slug":"geschichte","status":"publish","type":"page","link":"https:\/\/www.cvjm-stgeorgen.de\/cvjm_stg\/?page_id=11","title":{"rendered":"Geschichte"},"content":{"rendered":"<p><strong>Aus der Geschichte des CVJM- St.Georgen und seines Vorg\u00e4ngers.<\/strong><\/p>\n<p>In den 90ger Jahren des 19ten Jahrhunderts bildete sich in St.Georgen ein selbst\u00e4ndiger Verein f\u00fcr innere Mission und Gemeinschaftspflege. Gleich zu Beginn sammelte dessen Prediger Johann Blum einen Kreis von jungen M\u00e4nnern, mit denen er in einem Privathaus regelm\u00e4ssig Bibel- und Gebetsstunden abhielt. Um 1897 kam es zum Bau des heute noch bestehenden Vereinshauses in der Ro\u00dfbergstr. Die Gemeinschaft wuchs rasch, so dass um 1905 ein Anbau an das bestehende Vereinshaus erstellt wurde. Im Saal dieses Anbaues erhielt der J\u00fcnglings- und M\u00e4nnerverein, wie er sich jetzt nannte, seine neue Heimat. Im selben Jahr kam es zur Gr\u00fcndung des heute noch bestehenden Posaunen- chores. Bis dahin bestand innerhalb des J\u00fcnglings- vereins ein M\u00e4nnerchor und ein Instrumentalkreis. Die zentrale Veranstaltung war die Bibelstunde jeden Samstagabend. Da um jene Zeit der J\u00fcnglingsverein die einzige m\u00e4nnliche Jugendarbeit in St.Georgen war, wurden die Bibelstunden von ca. 50-60 jungen M\u00e4nnern besucht. 1910 kam eine uniformierte christliche Pfadfinderabteilung mit ca. 40 Mitgliedern dazu. Im Jahr 1920 l\u00f6ste sich der Schwarzw\u00e4lder Missionsverein auf und schloss sich dem Gemeinschaftsverband \u201cAugsburgischen Bekenntnisses in Baden\u201d an. Der M\u00e4nner- und J\u00fcnglingsverein war somit automatisch Mitglied im A.B. Verband. Durch den politischen Umbruch 1933 bedingt, l\u00f6ste der Verband der A.B. Gemeinschaften seine organisierte Jugendarbeit auf. Um ihre Existenz nicht aufgeben zu m\u00fcssen suchten der J\u00fcnglingsverein und der Posaunenchor Anschluss beim schon lange bestehenden Jungm\u00e4nnerwerk \/ CVJM- Reichsverband. Ein Anschluss war f\u00fcr den Posaunenchor notwendig, weil eine Mitgliedschaft bei der damaligen Reichsmusikkammer nur \u00fcber einen Verband zu erreichen war. Der CVJM- Reichsverband, wie er fr\u00fcher hiess, und die Landesverb\u00e4nde wurden sp\u00e4ter zwangsweise aufgel\u00f6st. Ein Beitritt zur politischen Jugend- organisation war f\u00fcr sie nicht denkbar. Trotz mancher Behinderung durch die damaligen politischen Verh\u00e4ltnisse konnte die Arbeit im Jungm\u00e4nnerkreis getan werden, wenn auch in bescheidenem Rahmen. Die Bibelstunden konnten regelm\u00e4ssig durchgef\u00fchrt werden. Mit Dank an Gottes F\u00fchrung darf gesagt werden, dass es immer junge M\u00e4nner gab die mitmachten. Nach dem Kriegsende 1945 konnte der CVJM- Reichsverband mit Genehmigung der Besatzungsverwaltung die Arbeit wieder aufnehmen. Die ehemaligen CVJM- Sekret\u00e4re, die aus dem Krieg zur\u00fcck kehrten, stellten sich gleich wieder zur Verf\u00fcgung. Auf Einladung damaliger \u00e4lterer Br\u00fcder besuchte uns 1946 ein CVJM- Sekret\u00e4r. Er best\u00e4rkte die M\u00e4nner im CVJM- St.Georgen die regelm\u00e4ssige Arbeit wieder aufzunehmen. 1967 baute der CVJM- St.Georgen eine Jungschararbeit auf. Leider musste sie aus Leitermangel nach einigen Jahren wieder eingestellt werden. Im selben Jahr konnte mit der Jungenschaftsarbeit begonnen werden. Sp\u00e4ter ging diese Arbeit in einem Jugend- bibelkreis auf. 1986 wurde diese Arbeit beendet. Bis 1975 fanden die Veranstaltungen im Vereinshaus an der Ro\u00dfbergstr. statt. Durch Eigenbedarf der A.B.- Gemeinschaft bedingt musste der CVJM- St.Georgen umziehen. Im Evangelischen Gemeindehaus fand er eine neue Bleibe. Bedingt durch personelle und finanzielle Ver\u00e4nderungen bei der Evang. Kirchengemeinde St.Georgen suchte der Arbeitskreis Jugend (AKJ) der Kirchengemeinde nach M\u00f6glichkeiten zur Anstellung einer hauptamtlichen Person auf Spendenbasis. So kam es im November 1993 zur Verbindung mit dem CVJM- St.Georgen, welcher nun seit September 1995 mit einer hauptamtlichen Person Kinder- und Jugendarbeit in St.Georgen durchf\u00fchrt<\/p>\n","protected":false},"excerpt":{"rendered":"<p>Aus der Geschichte des CVJM- St.Georgen und seines Vorg\u00e4ngers. In den 90ger Jahren des 19ten Jahrhunderts bildete sich in St.Georgen<\/p>\n","protected":false},"author":12,"featured_media":0,"parent":0,"menu_order":2,"comment_status":"closed","ping_status":"closed","template":"","meta":{"footnotes":""},"class_list":["post-11","page","type-page","status-publish","hentry"],"_links":{"self":[{"href":"https:\/\/www.cvjm-stgeorgen.de\/cvjm_stg\/index.php?rest_route=\/wp\/v2\/pages\/11","targetHints":{"allow":["GET"]}}],"collection":[{"href":"https:\/\/www.cvjm-stgeorgen.de\/cvjm_stg\/index.php?rest_route=\/wp\/v2\/pages"}],"about":[{"href":"https:\/\/www.cvjm-stgeorgen.de\/cvjm_stg\/index.php?rest_route=\/wp\/v2\/types\/page"}],"author":[{"embeddable":true,"href":"https:\/\/www.cvjm-stgeorgen.de\/cvjm_stg\/index.php?rest_route=\/wp\/v2\/users\/12"}],"replies":[{"embeddable":true,"href":"https:\/\/www.cvjm-stgeorgen.de\/cvjm_stg\/index.php?rest_route=%2Fwp%2Fv2%2Fcomments&post=11"}],"version-history":[{"count":8,"href":"https:\/\/www.cvjm-stgeorgen.de\/cvjm_stg\/index.php?rest_route=\/wp\/v2\/pages\/11\/revisions"}],"predecessor-version":[{"id":2031,"href":"https:\/\/www.cvjm-stgeorgen.de\/cvjm_stg\/index.php?rest_route=\/wp\/v2\/pages\/11\/revisions\/2031"}],"wp:attachment":[{"href":"https:\/\/www.cvjm-stgeorgen.de\/cvjm_stg\/index.php?rest_route=%2Fwp%2Fv2%2Fmedia&parent=11"}],"curies":[{"name":"wp","href":"https:\/\/api.w.org\/{rel}","templated":true}]}}