{"id":1263,"date":"2016-07-09T11:01:27","date_gmt":"2016-07-09T11:01:27","guid":{"rendered":"http:\/\/www.cvjm-stgeorgen.de\/cvjm_stg\/?page_id=1263"},"modified":"2024-02-29T09:24:34","modified_gmt":"2024-02-29T09:24:34","slug":"startseite","status":"publish","type":"page","link":"https:\/\/www.cvjm-stgeorgen.de\/cvjm_stg\/","title":{"rendered":"Startseite"},"content":{"rendered":"\n<h6 class=\"wp-block-heading has-text-align-center has-huge-font-size\" id=\"herzlich-willkommen-beimcvjm-st-georgen\"><strong>Herzlich Willkommen beim<\/strong><br><strong>CVJM St. Georgen<\/strong><\/h6>\n\n\n\n<style>\n\t#hotspot-2321 .hotspots-image-container,\n\t#hotspot-2321 .leaflet-container {\n\t\tbackground: #efefef\t}\n\n\t#hotspot-2321 .hotspots-placeholder {\n\t\tbackground: #000000;\n\t\tborder: 0 #000000 solid;\n\t\tcolor: #DFEBE5;\n\t}\n\n\t#hotspot-2321 .hotspot-title {\n\t\tcolor: #93C7A4;\n\t}\n\n\t\t\t#hotspot-2321 .hotspot-default {\n\t\t\tstroke-width: 2;\n\t\t\tfill: #ffffff;\n\t\t\tfill-opacity: 0;\n\t\t\tstroke: #ffffff;\n\t\t\tstroke-opacity: 0;\n\t\t}\n\t\t#hotspot-2321 .hotspot-default:hover,\n\t\t#hotspot-2321 .hotspot-default:focus-visible,\n\t\t#hotspot-2321 .hotspot-default.hotspot-active {\n\t\t\tfill: #e40038;\n\t\t\tfill-opacity: 0.21;\n\t\t\tstroke: #7f7e7b;\n\t\t\tstroke-opacity: 1.01;\n\t\t}\n\t\t#hotspot-2321 .leaflet-tooltip,\n\t#hotspot-2321 .leaflet-rrose-content-wrapper {\n\t\tbackground: #000000;\n\t\tborder-color: #000000;\n\t\tcolor: #DFEBE5;\n\t}\n\n\t#hotspot-2321 a.leaflet-rrose-close-button {\n\t\tcolor: #93C7A4;\n\t}\n\n\t#hotspot-2321 .leaflet-rrose-tip {\n\t\tbackground: #000000;\n\t}\n\n\t#hotspot-2321 .leaflet-popup-scrolled {\n\t\tborder-bottom-color: #DFEBE5;\n\t\tborder-top-color: #DFEBE5;\n\t}\n\n\t#hotspot-2321 .leaflet-tooltip-top:before {\n\t\tborder-top-color: #000000;\n\t}\n\n\t#hotspot-2321 .leaflet-tooltip-bottom:before {\n\t\tborder-bottom-color: #000000;\n\t}\n\t#hotspot-2321 .leaflet-tooltip-left:before {\n\t\tborder-left-color: #000000;\n\t}\n\t#hotspot-2321 .leaflet-tooltip-right:before {\n\t\tborder-right-color: #000000;\n\t}\n<\/style>\n\n\t\n\t<div class=\"hotspots-container  layout-left event-click\" id=\"hotspot-2321\" data-layout=\"left\" data-trigger=\"click\">\n\t\t<div class=\"hotspots-interaction\">\n\t\t\t\t<div class=\"hotspots-placeholder\" id=\"content-hotspot-2321\">\n\t\t<div class=\"hotspot-initial\">\n\t\t\t\t\t\t\t\t\t<h2 class=\"hotspot-title\">\n\t\t\t\tSketchnote\t\t\t<\/h2>\n\t\t\t\t\t\t<div class=\"hotspot-content\">\n\t\t\t\t\t\t\t\t\t<p>Willkommen auf unserem Interaktiven Flyer<\/p>\n\t\t\t\t\t\t\t<\/div>\n\t\t<\/div>\n\t<\/div>\n<div class=\"hotspots-image-container\">\n\t<img\n\t\twidth=\"2560\"\n\t\theight=\"1810\"\n\t\tsrc=\"https:\/\/www.cvjm-stgeorgen.de\/cvjm_stg\/wp-content\/uploads\/2024\/02\/CVJM-6-scaled.jpg\"\n\t\talt=\"Sketchnote\"\n\t\tclass=\"hotspots-image skip-lazy\"\n\t\tusemap=\"#hotspots-image-2321\"\n\t\tdata-image-title=\"Sketchnote\"\n\t\tdata-image-description=\"Willkommen auf unserem Interaktiven Flyer\"\n\t\tdata-event-trigger=\"click\"\n\t\tdata-always-visible=\"false\"\n\t\tdata-id=\"2321\"\n\t\tdata-no-lazy=\"1\"\n\t\tdata-lazy-src=\"\"\n\t\tdata-lazy=\"false\"\n\t\tloading=\"eager\"\n\t\tdata-skip-lazy=\"1\"\n\t\t>\n<\/div>\t\t<\/div>\n\t\t<map name=\"hotspots-image-2321\" class=\"hotspots-map\">\n\t\t\t\t\t\t\t\t\t\t\t<area\n\t\t\t\t\tshape=\"polygon\"\n\t\t\t\t\tcoords=\"1008,1182,1008,612,1544,612,1544,1182\"\n\t\t\t\t\thref=\"#hotspot-hotspot-2321-0\"\n\t\t\t\t\trel=\"\"\n\t\t\t\t\ttitle=\"Wir\"\n\t\t\t\t\talt=\"Wir\"\n\t\t\t\t\tdata-action=\"\"\n\t\t\t\t\tdata-color-scheme=\"\"\n\t\t\t\t\ttarget=\"\"\n\t\t\t\t\tclass=\"more-info-area\"\n\t\t\t\t\t>\n\t\t\t\t\t\t\t\t\t\t\t<area\n\t\t\t\t\tshape=\"polygon\"\n\t\t\t\t\tcoords=\"1850,1094,1850,592,2542,592,2542,1094\"\n\t\t\t\t\thref=\"#hotspot-hotspot-2321-1\"\n\t\t\t\t\trel=\"\"\n\t\t\t\t\ttitle=\"Bibel\"\n\t\t\t\t\talt=\"Bibel\"\n\t\t\t\t\tdata-action=\"\"\n\t\t\t\t\tdata-color-scheme=\"\"\n\t\t\t\t\ttarget=\"_new\"\n\t\t\t\t\tclass=\"more-info-area\"\n\t\t\t\t\t>\n\t\t\t\t\t\t\t\t\t\t\t<area\n\t\t\t\t\tshape=\"polygon\"\n\t\t\t\t\tcoords=\"1708,550,1708,9,2526,9,2526,550\"\n\t\t\t\t\thref=\"#hotspot-hotspot-2321-2\"\n\t\t\t\t\trel=\"\"\n\t\t\t\t\ttitle=\"Angebote f\u00fcr Kinder\"\n\t\t\t\t\talt=\"Angebote f\u00fcr Kinder\"\n\t\t\t\t\tdata-action=\"\"\n\t\t\t\t\tdata-color-scheme=\"\"\n\t\t\t\t\ttarget=\"\"\n\t\t\t\t\tclass=\"more-info-area\"\n\t\t\t\t\t>\n\t\t\t\t\t\t\t\t\t\t\t<area\n\t\t\t\t\tshape=\"polygon\"\n\t\t\t\t\tcoords=\"1052,538,1052,14,1694,14,1694,538\"\n\t\t\t\t\thref=\"#hotspot-hotspot-2321-3\"\n\t\t\t\t\trel=\"\"\n\t\t\t\t\ttitle=\"Gemeinde\"\n\t\t\t\t\talt=\"Gemeinde\"\n\t\t\t\t\tdata-action=\"\"\n\t\t\t\t\tdata-color-scheme=\"\"\n\t\t\t\t\ttarget=\"_new\"\n\t\t\t\t\tclass=\"more-info-area\"\n\t\t\t\t\t>\n\t\t\t\t\t\t\t\t\t\t\t<area\n\t\t\t\t\tshape=\"polygon\"\n\t\t\t\t\tcoords=\"80,1730,80,1176,846,1176,846,1730\"\n\t\t\t\t\thref=\"#hotspot-hotspot-2321-4\"\n\t\t\t\t\trel=\"\"\n\t\t\t\t\ttitle=\"Gemeinschaft\"\n\t\t\t\t\talt=\"Gemeinschaft\"\n\t\t\t\t\tdata-action=\"\"\n\t\t\t\t\tdata-color-scheme=\"\"\n\t\t\t\t\ttarget=\"\"\n\t\t\t\t\tclass=\"more-info-area\"\n\t\t\t\t\t>\n\t\t\t\t\t\t\t\t\t\t\t<area\n\t\t\t\t\tshape=\"polygon\"\n\t\t\t\t\tcoords=\"86,594,86,8,1012,8,1012,594\"\n\t\t\t\t\thref=\"#hotspot-hotspot-2321-5\"\n\t\t\t\t\trel=\"\"\n\t\t\t\t\ttitle=\"Musik\"\n\t\t\t\t\talt=\"Musik\"\n\t\t\t\t\tdata-action=\"\"\n\t\t\t\t\tdata-color-scheme=\"\"\n\t\t\t\t\ttarget=\"_new\"\n\t\t\t\t\tclass=\"more-info-area\"\n\t\t\t\t\t>\n\t\t\t\t\t\t\t\t\t\t\t<area\n\t\t\t\t\tshape=\"polygon\"\n\t\t\t\t\tcoords=\"0,1158,0,618,704,618,704,1158\"\n\t\t\t\t\thref=\"#hotspot-hotspot-2321-6\"\n\t\t\t\t\trel=\"\"\n\t\t\t\t\ttitle=\"Flohmarkt\"\n\t\t\t\t\talt=\"Flohmarkt\"\n\t\t\t\t\tdata-action=\"\"\n\t\t\t\t\tdata-color-scheme=\"\"\n\t\t\t\t\ttarget=\"\"\n\t\t\t\t\tclass=\"more-info-area\"\n\t\t\t\t\t>\n\t\t\t\t\t\t\t\t\t\t\t<area\n\t\t\t\t\tshape=\"polygon\"\n\t\t\t\t\tcoords=\"1538,1702,1538,1134,2514,1134,2514,1702\"\n\t\t\t\t\thref=\"#hotspot-hotspot-2321-7\"\n\t\t\t\t\trel=\"\"\n\t\t\t\t\ttitle=\"Jugendkreise\"\n\t\t\t\t\talt=\"Jugendkreise\"\n\t\t\t\t\tdata-action=\"\"\n\t\t\t\t\tdata-color-scheme=\"\"\n\t\t\t\t\ttarget=\"\"\n\t\t\t\t\tclass=\"more-info-area\"\n\t\t\t\t\t>\n\t\t\t\t\t\t\t\t\t\t\t<area\n\t\t\t\t\tshape=\"polygon\"\n\t\t\t\t\tcoords=\"890,1756,890,1183,1514,1183,1514,1756\"\n\t\t\t\t\thref=\"#hotspot-hotspot-2321-8\"\n\t\t\t\t\trel=\"\"\n\t\t\t\t\ttitle=\"Jesus\"\n\t\t\t\t\talt=\"Jesus\"\n\t\t\t\t\tdata-action=\"\"\n\t\t\t\t\tdata-color-scheme=\"\"\n\t\t\t\t\ttarget=\"_new\"\n\t\t\t\t\tclass=\"more-info-area\"\n\t\t\t\t\t>\n\t\t\t\t\t\t\t\t\t\t\t<area\n\t\t\t\t\tshape=\"polygon\"\n\t\t\t\t\tcoords=\"2036,1796,2036,1716,2522,1716,2522,1796\"\n\t\t\t\t\thref=\"#hotspot-hotspot-2321-9\"\n\t\t\t\t\trel=\"\"\n\t\t\t\t\ttitle=\"www.cvjm-stgeorgen.de\"\n\t\t\t\t\talt=\"www.cvjm-stgeorgen.de\"\n\t\t\t\t\tdata-action=\"\"\n\t\t\t\t\tdata-color-scheme=\"\"\n\t\t\t\t\ttarget=\"_new\"\n\t\t\t\t\tclass=\"more-info-area\"\n\t\t\t\t\t>\n\t\t\t\t\t<\/map>\n\n\t\t\n\t\t\t\t\t\n\t\t\t\t\t\t<div class=\"hotspot-info \" id=\"hotspot-hotspot-2321-0\">\n\t\t\t\t\n\t\t\t\t<h2 class=\"hotspot-title\">Wir<\/h2>\t\t\t\t\t\t\t\t\t<div class=\"hotspot-thumb\">\n\t\t\t\t\t\t<img loading=\"lazy\" decoding=\"async\" width=\"810\" height=\"344\" src=\"https:\/\/www.cvjm-stgeorgen.de\/cvjm_stg\/wp-content\/uploads\/2018\/04\/cropped-CVJM-St_Georgen_logo_3.png\" class=\"attachment-large size-large\" alt=\"\" srcset=\"https:\/\/www.cvjm-stgeorgen.de\/cvjm_stg\/wp-content\/uploads\/2018\/04\/cropped-CVJM-St_Georgen_logo_3.png 999w, https:\/\/www.cvjm-stgeorgen.de\/cvjm_stg\/wp-content\/uploads\/2018\/04\/cropped-CVJM-St_Georgen_logo_3-300x127.png 300w, https:\/\/www.cvjm-stgeorgen.de\/cvjm_stg\/wp-content\/uploads\/2018\/04\/cropped-CVJM-St_Georgen_logo_3-768x326.png 768w\" sizes=\"auto, (max-width: 810px) 100vw, 810px\" \/>\t\t\t\t\t<\/div>\n\t\t\t\t\t\t\t\t<div class=\"hotspot-content\">\n\t\t\t\t\t<p>Schwerpunkt unserer Arbeit ist es, christliche Angebote f\u00fcr Kinder und Jugendliche durchzuf\u00fchren.<\/p>\n<p><a href=\"https:\/\/www.cvjm-stgeorgen.de\/cvjm_stg\/?page_id=380\">Unsere Ziele&#8230; Unsere Haltung&#8230; Unsere Basis<\/a><\/p>\n<p><a href=\"https:\/\/www.cvjm-stgeorgen.de\/cvjm_stg\/?page_id=2423\">Samantha Lehmann, unsere Angestellte Mitarbeiterin<\/a><\/p>\n<p><a href=\"https:\/\/www.cvjm-stgeorgen.de\/cvjm_stg\/?page_id=380\">Link zum Vorstand<\/a><br \/>\n<a href=\"https:\/\/www.cvjm-stgeorgen.de\/cvjm_stg\/?page_id=11\">unsere Geschichte&#8230;<\/a><\/p>\n\t\t\t\t<\/div>\n\t\t\t<\/div>\n\t\t\t\t\t\n\t\t\t\t\t\t<div class=\"hotspot-info \" id=\"hotspot-hotspot-2321-1\">\n\t\t\t\t\n\t\t\t\t<h2 class=\"hotspot-title\">Bibel<\/h2>\t\t\t\t\t\t\t\t<div class=\"hotspot-content\">\n\t\t\t\t\t<p>Die Bibel ist Gottes Liebesbrief an uns.<\/p>\n<p>In der Bibel entecken wir, wie Gott ist und wie er von uns denkt.<\/p>\n<p>Wir lernen miteinander die Bibel kennen und machen uns gemeinsam auf den Weg sie zu verstehen und im Alltag umzusetzen.<\/p>\n<p>Lebensnah, kreativ, altersgem\u00e4\u00df und mit Freude daran.<\/p>\n<p><a href=\"https:\/\/www.cvjm-stgeorgen.de\/cvjm_stg\/?page_id=30\">Angebote f\u00fcr Jugendliche und junge Erwachsene<\/a><\/p>\n<p><a href=\"https:\/\/www.cvjm-stgeorgen.de\/cvjm_stg\/?page_id=33\">Angebote f\u00fcr Kinder<\/a><\/p>\n<p><a href=\"https:\/\/www.cvjm-stgeorgen.de\/cvjm_stg\/?page_id=27\">Angebote f\u00fcr Erwachsene<\/a><\/p>\n\t\t\t\t<\/div>\n\t\t\t<\/div>\n\t\t\t\t\t\n\t\t\t\t\t\t<div class=\"hotspot-info \" id=\"hotspot-hotspot-2321-2\">\n\t\t\t\t\n\t\t\t\t<h2 class=\"hotspot-title\">Angebote f\u00fcr Kinder<\/h2>\t\t\t\t\t\t\t\t<div class=\"hotspot-content\">\n\t\t\t\t\t<p>Unsere Angebote f\u00fcr Kinder nennen sich Jungscharen.<\/p>\n<p>Singen, spielen, basteln, Spass haben und von Gott und seinem Sohn Jesus h\u00f6ren.<\/p>\n<p>Die Teilnahme ist kostenfrei und ohne Voranmeldung m\u00f6glich.<\/p>\n<p>zu den <a href=\"https:\/\/www.cvjm-stgeorgen.de\/cvjm_stg\/?page_id=33\">Jungscharen<\/a><\/p>\n\t\t\t\t<\/div>\n\t\t\t<\/div>\n\t\t\t\t\t\n\t\t\t\t\t\t<div class=\"hotspot-info \" id=\"hotspot-hotspot-2321-3\">\n\t\t\t\t\n\t\t\t\t<h2 class=\"hotspot-title\">Gemeinde<\/h2>\t\t\t\t\t\t\t\t\t<div class=\"hotspot-thumb\">\n\t\t\t\t\t\t<img loading=\"lazy\" decoding=\"async\" width=\"810\" height=\"213\" src=\"https:\/\/www.cvjm-stgeorgen.de\/cvjm_stg\/wp-content\/uploads\/2023\/11\/gemeinde_bunt_logo-1024x269.jpg\" class=\"attachment-large size-large\" alt=\"\" srcset=\"https:\/\/www.cvjm-stgeorgen.de\/cvjm_stg\/wp-content\/uploads\/2023\/11\/gemeinde_bunt_logo-1024x269.jpg 1024w, https:\/\/www.cvjm-stgeorgen.de\/cvjm_stg\/wp-content\/uploads\/2023\/11\/gemeinde_bunt_logo-300x79.jpg 300w, https:\/\/www.cvjm-stgeorgen.de\/cvjm_stg\/wp-content\/uploads\/2023\/11\/gemeinde_bunt_logo-768x202.jpg 768w, https:\/\/www.cvjm-stgeorgen.de\/cvjm_stg\/wp-content\/uploads\/2023\/11\/gemeinde_bunt_logo.jpg 1220w\" sizes=\"auto, (max-width: 810px) 100vw, 810px\" \/>\t\t\t\t\t<\/div>\n\t\t\t\t\t\t\t\t<div class=\"hotspot-content\">\n\t\t\t\t\t<p>Wir sind ein Teil der evangelischen Kirchengemeinde St.Georgen-Tennenbronn.<\/p>\n<p><a href=\"http:\/\/www.eki-sagte.de\">www.eki-sagte.de<\/a><\/p>\n\t\t\t\t<\/div>\n\t\t\t<\/div>\n\t\t\t\t\t\n\t\t\t\t\t\t<div class=\"hotspot-info \" id=\"hotspot-hotspot-2321-4\">\n\t\t\t\t\n\t\t\t\t<h2 class=\"hotspot-title\">Gemeinschaft<\/h2>\t\t\t\t\t\t\t\t<div class=\"hotspot-content\">\n\t\t\t\t\t<p>Echte und tiefe Gemeinschaft ist ein wesentlicher Aspekt unserer Arbeit.<\/p>\n<p>Hier entstehen Freundschaften f\u00fcrs Leben.<\/p>\n<p>reden, lachen, spielen, kochen, beten, essen, feiern, Ausfl\u00fcge machen, arbeiten, Bibel lesen, in den Urlaub fahren, sich einbringen f\u00fcr Gott und Menschen,&#8230;<\/p>\n<p>Auch f\u00fcr dich was dabei?<\/p>\n<p><a href=\"https:\/\/crossover.info\/millstaetter-see\">CVJM Jugendfreizeit Sommer 2024<\/a><\/p>\n<p><a href=\"https:\/\/www.cvjm-stgeorgen.de\/cvjm_stg\/?page_id=30\">Angebote f\u00fcr Jugendliche und junge Erwachsene<\/a><\/p>\n<p><a href=\"https:\/\/www.cvjm-stgeorgen.de\/cvjm_stg\/?page_id=33\">Angebote f\u00fcr Kinder<\/a><\/p>\n\t\t\t\t<\/div>\n\t\t\t<\/div>\n\t\t\t\t\t\n\t\t\t\t\t\t<div class=\"hotspot-info \" id=\"hotspot-hotspot-2321-5\">\n\t\t\t\t\n\t\t\t\t<h2 class=\"hotspot-title\">Musik<\/h2>\t\t\t\t\t\t\t\t<div class=\"hotspot-content\">\n\t\t\t\t\t<p>Wir singen gemeinsam in unseren Kreisen und Gruppen. Um Gott damit zu loben.<\/p>\n<p>Gelegentlich gestalten wir Gottesdienste in der Lorenzkirche mit.<\/p>\n\t\t\t\t<\/div>\n\t\t\t<\/div>\n\t\t\t\t\t\n\t\t\t\t\t\t<div class=\"hotspot-info \" id=\"hotspot-hotspot-2321-6\">\n\t\t\t\t\n\t\t\t\t<h2 class=\"hotspot-title\">Flohmarkt<\/h2>\t\t\t\t\t\t\t\t<div class=\"hotspot-content\">\n\t\t\t\t\t<p>Unsere Flohm\u00e4rkte sind ein wichtiger Teil unserer Arbeit.<br \/>\nSie helfen uns aber nicht nur bei der Finanzierung unserer Arbeit, sondern bieten auch tolle M\u00f6glichkeiten um neuen Kontakte zu kn\u00fcpfen und bestehende Kontakte zu pflegen.<\/p>\n<p><a href=\"https:\/\/www.cvjm-stgeorgen.de\/cvjm_stg\/?page_id=17\">Flom\u00e4rkte des CVJM St.Georgen<\/a><\/p>\n\t\t\t\t<\/div>\n\t\t\t<\/div>\n\t\t\t\t\t\n\t\t\t\t\t\t<div class=\"hotspot-info \" id=\"hotspot-hotspot-2321-7\">\n\t\t\t\t\n\t\t\t\t<h2 class=\"hotspot-title\">Jugendkreise<\/h2>\t\t\t\t\t\t\t\t<div class=\"hotspot-content\">\n\t\t\t\t\t<p>Seekers &#8211; Jugendgruppen f\u00fcr Jungs und M\u00e4dchen ab ca. 13 Jahren bis ins junge Erwachsenenalter<\/p>\n<p>M\u00e4delskreis &#8211; Jugendgruppe nur f\u00fcr M\u00e4dchen ab ca. 13 Jahren<\/p>\n<p><a href=\"https:\/\/www.cvjm-stgeorgen.de\/cvjm_stg\/?page_id=30\">Erfahre mehr zu unseren Jugendkreisen<\/a><\/p>\n\t\t\t\t<\/div>\n\t\t\t<\/div>\n\t\t\t\t\t\n\t\t\t\t\t\t<div class=\"hotspot-info \" id=\"hotspot-hotspot-2321-8\">\n\t\t\t\t\n\t\t\t\t<h2 class=\"hotspot-title\">Jesus<\/h2>\t\t\t\t\t\t\t\t<div class=\"hotspot-content\">\n\t\t\t\t\t<p>Gemeinsam Jesus kennenlernen<\/p>\n<p>Gemeinsam Glauben lernen<\/p>\n<p>Gemeinsam Glauben leben &#8211; mit Jesus mutig voran<\/p>\n<p><a href=\"https:\/\/www.cvjm-stgeorgen.de\/cvjm_stg\/?page_id=30\">Angebote f\u00fcr Jugendliche und junge Erwachsene<\/a><\/p>\n<p><a href=\"https:\/\/www.cvjm-stgeorgen.de\/cvjm_stg\/?page_id=33\">Angebote f\u00fcr Kinder<\/a><\/p>\n\t\t\t\t<\/div>\n\t\t\t<\/div>\n\t\t\t\t\t\n\t\t\t\t\t\t<div class=\"hotspot-info \" id=\"hotspot-hotspot-2321-9\">\n\t\t\t\t\n\t\t\t\t<h2 class=\"hotspot-title\">www.cvjm-stgeorgen.de<\/h2>\t\t\t\t\t\t\t\t\t<div class=\"hotspot-thumb\">\n\t\t\t\t\t\t<img loading=\"lazy\" decoding=\"async\" width=\"810\" height=\"344\" src=\"https:\/\/www.cvjm-stgeorgen.de\/cvjm_stg\/wp-content\/uploads\/2018\/04\/cropped-CVJM-St_Georgen_logo_3.png\" class=\"attachment-large size-large\" alt=\"\" srcset=\"https:\/\/www.cvjm-stgeorgen.de\/cvjm_stg\/wp-content\/uploads\/2018\/04\/cropped-CVJM-St_Georgen_logo_3.png 999w, https:\/\/www.cvjm-stgeorgen.de\/cvjm_stg\/wp-content\/uploads\/2018\/04\/cropped-CVJM-St_Georgen_logo_3-300x127.png 300w, https:\/\/www.cvjm-stgeorgen.de\/cvjm_stg\/wp-content\/uploads\/2018\/04\/cropped-CVJM-St_Georgen_logo_3-768x326.png 768w\" sizes=\"auto, (max-width: 810px) 100vw, 810px\" \/>\t\t\t\t\t<\/div>\n\t\t\t\t\t\t\t\t<div class=\"hotspot-content\">\n\t\t\t\t\t<p>Unsere <a href=\"https:\/\/www.cvjm-stgeorgen.de\">Homepage<\/a><\/p>\n\t\t\t\t<\/div>\n\t\t\t<\/div>\n\t\t\t<\/div>\n\n\n\n\n<div style=\"height:84px\" aria-hidden=\"true\" class=\"wp-block-spacer\"><\/div>\n\n\n\n<h6 class=\"wp-block-heading has-text-align-center has-huge-font-size\" id=\"herzlich-willkommen-beimcvjm-st-georgen\">&#8212; <strong>Aktuelles <\/strong>&#8212; <\/h6>\n\n\n\n<div style=\"height:84px\" aria-hidden=\"true\" class=\"wp-block-spacer\"><\/div>\n\n\n\n<div class=\"wp-block-query is-layout-flow wp-block-query-is-layout-flow\"><ul class=\"wp-block-post-template is-layout-flow wp-block-post-template-is-layout-flow\"><li class=\"wp-block-post post-2891 post type-post status-publish format-standard hentry category-allgemein category-news\">\n<h2 class=\"wp-block-post-title\">Termine 2026<\/h2>\n\n\n\n<div class=\"entry-content wp-block-post-content is-layout-flow wp-block-post-content-is-layout-flow\"><ul>\n<li>17. Januar Jugendgebetsabend<\/li>\n<li>23.-25. Januar Konfi-Freizeit<\/li>\n<li>31. Januar Jungschar im \u00d6ku<\/li>\n<li>21. Februar Jungschar im \u00d6ku<\/li>\n<li>13.-15. M\u00e4rz Jungscharfreizet im Wei\u00dfloch<\/li>\n<li>20. M\u00e4rz Jahreshauptversammlung im \u00d6ku<\/li>\n<li>04. April Osternachtsfeier mit Osterfeuer in der Lorenzkirche<\/li>\n<li>16.- 18. April B\u00fccherflohmarkt im Gemeindehaus<\/li>\n<li>04.-07. Juni Lebenshauswochenende im Scho\u00df Unter\u00f6wisheim<\/li>\n<li>27. Juni CVJM-Riesen-Flohmarkt rund um\u00b4s Gemeindehaus<\/li>\n<li>18. Oktober CVJM Herbstfest<\/li>\n<\/ul>\n<\/div>\n\n\n<div style=\"height:84px\" aria-hidden=\"true\" class=\"wp-block-spacer\"><\/div>\n\n<\/li><li class=\"wp-block-post post-2969 post type-post status-publish format-standard hentry category-allgemein category-news\">\n<h2 class=\"wp-block-post-title\">Jungschar in \u00d6KU am 18.04.26<\/h2>\n\n\n\n<div class=\"entry-content wp-block-post-content is-layout-flow wp-block-post-content-is-layout-flow\"><p><a href=\"https:\/\/www.cvjm-stgeorgen.de\/cvjm_stg\/wp-content\/uploads\/2026\/04\/Oekujungschar-am-18.04.26.jpeg\"><img loading=\"lazy\" decoding=\"async\" class=\"alignnone  wp-image-2968\" src=\"https:\/\/www.cvjm-stgeorgen.de\/cvjm_stg\/wp-content\/uploads\/2026\/04\/Oekujungschar-am-18.04.26-212x300.jpeg\" alt=\"\" width=\"843\" height=\"1193\" srcset=\"https:\/\/www.cvjm-stgeorgen.de\/cvjm_stg\/wp-content\/uploads\/2026\/04\/Oekujungschar-am-18.04.26-212x300.jpeg 212w, https:\/\/www.cvjm-stgeorgen.de\/cvjm_stg\/wp-content\/uploads\/2026\/04\/Oekujungschar-am-18.04.26-724x1024.jpeg 724w, https:\/\/www.cvjm-stgeorgen.de\/cvjm_stg\/wp-content\/uploads\/2026\/04\/Oekujungschar-am-18.04.26-768x1086.jpeg 768w, https:\/\/www.cvjm-stgeorgen.de\/cvjm_stg\/wp-content\/uploads\/2026\/04\/Oekujungschar-am-18.04.26-1086x1536.jpeg 1086w, https:\/\/www.cvjm-stgeorgen.de\/cvjm_stg\/wp-content\/uploads\/2026\/04\/Oekujungschar-am-18.04.26.jpeg 1131w\" sizes=\"auto, (max-width: 843px) 100vw, 843px\" \/><\/a><\/p>\n<\/div>\n\n\n<div style=\"height:84px\" aria-hidden=\"true\" class=\"wp-block-spacer\"><\/div>\n\n<\/li><li class=\"wp-block-post post-2963 post type-post status-publish format-standard hentry category-allgemein category-news\">\n<h2 class=\"wp-block-post-title\">Osternachtsfeier<\/h2>\n\n\n\n<div class=\"entry-content wp-block-post-content is-layout-flow wp-block-post-content-is-layout-flow\"><p><a href=\"https:\/\/www.cvjm-stgeorgen.de\/cvjm_stg\/wp-content\/uploads\/2026\/03\/Osternacht25.jpg\"><img loading=\"lazy\" decoding=\"async\" class=\"alignnone  wp-image-2962\" src=\"https:\/\/www.cvjm-stgeorgen.de\/cvjm_stg\/wp-content\/uploads\/2026\/03\/Osternacht25-212x300.jpg\" alt=\"\" width=\"824\" height=\"1166\" srcset=\"https:\/\/www.cvjm-stgeorgen.de\/cvjm_stg\/wp-content\/uploads\/2026\/03\/Osternacht25-212x300.jpg 212w, https:\/\/www.cvjm-stgeorgen.de\/cvjm_stg\/wp-content\/uploads\/2026\/03\/Osternacht25-724x1024.jpg 724w, https:\/\/www.cvjm-stgeorgen.de\/cvjm_stg\/wp-content\/uploads\/2026\/03\/Osternacht25-768x1086.jpg 768w, https:\/\/www.cvjm-stgeorgen.de\/cvjm_stg\/wp-content\/uploads\/2026\/03\/Osternacht25-1086x1536.jpg 1086w, https:\/\/www.cvjm-stgeorgen.de\/cvjm_stg\/wp-content\/uploads\/2026\/03\/Osternacht25.jpg 1131w\" sizes=\"auto, (max-width: 824px) 100vw, 824px\" \/><\/a><\/p>\n<\/div>\n\n\n<div style=\"height:84px\" aria-hidden=\"true\" class=\"wp-block-spacer\"><\/div>\n\n<\/li><li class=\"wp-block-post post-2950 post type-post status-publish format-standard hentry category-allgemein category-flohmarkt category-news\">\n<h2 class=\"wp-block-post-title\">B\u00fccherflohmarkt im ev. Gemeindehaus<\/h2>\n\n\n\n<div class=\"entry-content wp-block-post-content is-layout-flow wp-block-post-content-is-layout-flow\"><p><a href=\"https:\/\/www.cvjm-stgeorgen.de\/cvjm_stg\/wp-content\/uploads\/2026\/03\/2026_Buecherflohmarkt-final_001.jpg\"><img loading=\"lazy\" decoding=\"async\" class=\"alignnone  wp-image-2947\" src=\"https:\/\/www.cvjm-stgeorgen.de\/cvjm_stg\/wp-content\/uploads\/2026\/03\/2026_Buecherflohmarkt-final_001-225x300.jpg\" alt=\"\" width=\"821\" height=\"1095\" srcset=\"https:\/\/www.cvjm-stgeorgen.de\/cvjm_stg\/wp-content\/uploads\/2026\/03\/2026_Buecherflohmarkt-final_001-225x300.jpg 225w, https:\/\/www.cvjm-stgeorgen.de\/cvjm_stg\/wp-content\/uploads\/2026\/03\/2026_Buecherflohmarkt-final_001.jpg 540w\" sizes=\"auto, (max-width: 821px) 100vw, 821px\" \/><\/a><\/p>\n<\/div>\n\n\n<div style=\"height:84px\" aria-hidden=\"true\" class=\"wp-block-spacer\"><\/div>\n\n<\/li><\/ul><\/div>\n","protected":false},"excerpt":{"rendered":"<p>Herzlich Willkommen beimCVJM St. Georgen &#8212; Aktuelles &#8212;<\/p>\n","protected":false},"author":11,"featured_media":0,"parent":0,"menu_order":0,"comment_status":"closed","ping_status":"closed","template":"template-fullwidth.php","meta":{"footnotes":""},"class_list":["post-1263","page","type-page","status-publish","hentry"],"_links":{"self":[{"href":"https:\/\/www.cvjm-stgeorgen.de\/cvjm_stg\/index.php?rest_route=\/wp\/v2\/pages\/1263","targetHints":{"allow":["GET"]}}],"collection":[{"href":"https:\/\/www.cvjm-stgeorgen.de\/cvjm_stg\/index.php?rest_route=\/wp\/v2\/pages"}],"about":[{"href":"https:\/\/www.cvjm-stgeorgen.de\/cvjm_stg\/index.php?rest_route=\/wp\/v2\/types\/page"}],"author":[{"embeddable":true,"href":"https:\/\/www.cvjm-stgeorgen.de\/cvjm_stg\/index.php?rest_route=\/wp\/v2\/users\/11"}],"replies":[{"embeddable":true,"href":"https:\/\/www.cvjm-stgeorgen.de\/cvjm_stg\/index.php?rest_route=%2Fwp%2Fv2%2Fcomments&post=1263"}],"version-history":[{"count":157,"href":"https:\/\/www.cvjm-stgeorgen.de\/cvjm_stg\/index.php?rest_route=\/wp\/v2\/pages\/1263\/revisions"}],"predecessor-version":[{"id":2776,"href":"https:\/\/www.cvjm-stgeorgen.de\/cvjm_stg\/index.php?rest_route=\/wp\/v2\/pages\/1263\/revisions\/2776"}],"wp:attachment":[{"href":"https:\/\/www.cvjm-stgeorgen.de\/cvjm_stg\/index.php?rest_route=%2Fwp%2Fv2%2Fmedia&parent=1263"}],"curies":[{"name":"wp","href":"https:\/\/api.w.org\/{rel}","templated":true}]}}