{"id":17,"date":"2011-04-02T18:28:20","date_gmt":"2011-04-02T18:28:20","guid":{"rendered":"http:\/\/www.cvjm-stgeorgen.de\/cvjm_stg\/?page_id=17"},"modified":"2026-03-10T16:34:59","modified_gmt":"2026-03-10T16:34:59","slug":"flohmarkt","status":"publish","type":"page","link":"https:\/\/www.cvjm-stgeorgen.de\/cvjm_stg\/?page_id=17","title":{"rendered":"CVJM-Flohmarkttermine"},"content":{"rendered":"<h2><\/h2>\n<h2><a href=\"https:\/\/www.cvjm-stgeorgen.de\/cvjm_stg\/wp-content\/uploads\/2026\/03\/2026_Buecherflohmarkt-final_001.jpg\"><img loading=\"lazy\" decoding=\"async\" class=\"alignnone  wp-image-2947\" src=\"https:\/\/www.cvjm-stgeorgen.de\/cvjm_stg\/wp-content\/uploads\/2026\/03\/2026_Buecherflohmarkt-final_001-225x300.jpg\" alt=\"\" width=\"799\" height=\"1065\" srcset=\"https:\/\/www.cvjm-stgeorgen.de\/cvjm_stg\/wp-content\/uploads\/2026\/03\/2026_Buecherflohmarkt-final_001-225x300.jpg 225w, https:\/\/www.cvjm-stgeorgen.de\/cvjm_stg\/wp-content\/uploads\/2026\/03\/2026_Buecherflohmarkt-final_001.jpg 540w\" sizes=\"auto, (max-width: 799px) 100vw, 799px\" \/><\/a><\/h2>\n<h2>Die Flohmarkttermine f\u00fcr 2026<\/h2>\n<ul>\n<li>13. April Annahme B\u00fccherflohmarkt im Gemeindehaus<\/li>\n<li>16.-18. April B\u00fccherflohmarkt im Gemeindehaus<\/li>\n<li>22. Jun Annahme f\u00fcr den gro\u00dfen Flohmarkt im Gemeindehaus<\/li>\n<li>27. Juni CVJM Flohmarkt + Pflanzenmarkt rund um\u00b4s Gemeindehaus<\/li>\n<li>\u00a0Dez. Adventsflohmarkt im Edeka<\/li>\n<\/ul>\n<h2><\/h2>\n<p>N\u00e4here Infos bei<\/p>\n<ul>\n<li>Gerhard Rosenfelder 07724 1607<\/li>\n<li>Christoph Rosenfelder 07724 8879866<\/li>\n<\/ul>\n","protected":false},"excerpt":{"rendered":"<p>Die Flohmarkttermine f\u00fcr 2026 13. April Annahme B\u00fccherflohmarkt im Gemeindehaus 16.-18. April B\u00fccherflohmarkt im Gemeindehaus 22. Jun Annahme f\u00fcr den<\/p>\n","protected":false},"author":12,"featured_media":0,"parent":0,"menu_order":6,"comment_status":"closed","ping_status":"closed","template":"","meta":{"footnotes":""},"class_list":["post-17","page","type-page","status-publish","hentry"],"_links":{"self":[{"href":"https:\/\/www.cvjm-stgeorgen.de\/cvjm_stg\/index.php?rest_route=\/wp\/v2\/pages\/17","targetHints":{"allow":["GET"]}}],"collection":[{"href":"https:\/\/www.cvjm-stgeorgen.de\/cvjm_stg\/index.php?rest_route=\/wp\/v2\/pages"}],"about":[{"href":"https:\/\/www.cvjm-stgeorgen.de\/cvjm_stg\/index.php?rest_route=\/wp\/v2\/types\/page"}],"author":[{"embeddable":true,"href":"https:\/\/www.cvjm-stgeorgen.de\/cvjm_stg\/index.php?rest_route=\/wp\/v2\/users\/12"}],"replies":[{"embeddable":true,"href":"https:\/\/www.cvjm-stgeorgen.de\/cvjm_stg\/index.php?rest_route=%2Fwp%2Fv2%2Fcomments&post=17"}],"version-history":[{"count":84,"href":"https:\/\/www.cvjm-stgeorgen.de\/cvjm_stg\/index.php?rest_route=\/wp\/v2\/pages\/17\/revisions"}],"predecessor-version":[{"id":2949,"href":"https:\/\/www.cvjm-stgeorgen.de\/cvjm_stg\/index.php?rest_route=\/wp\/v2\/pages\/17\/revisions\/2949"}],"wp:attachment":[{"href":"https:\/\/www.cvjm-stgeorgen.de\/cvjm_stg\/index.php?rest_route=%2Fwp%2Fv2%2Fmedia&parent=17"}],"curies":[{"name":"wp","href":"https:\/\/api.w.org\/{rel}","templated":true}]}}