{"id":2419,"date":"2024-02-27T18:47:45","date_gmt":"2024-02-27T18:47:45","guid":{"rendered":"https:\/\/www.cvjm-stgeorgen.de\/cvjm_stg\/?page_id=2419"},"modified":"2026-03-22T17:10:34","modified_gmt":"2026-03-22T17:10:34","slug":"vorstand","status":"publish","type":"page","link":"https:\/\/www.cvjm-stgeorgen.de\/cvjm_stg\/?page_id=2419","title":{"rendered":"Vorstand"},"content":{"rendered":"\n<p>Gesch\u00e4ftsf\u00fchrender&nbsp;Vorstand:<\/p>\n\n\n\n<ul class=\"wp-block-list\">\n<li>Christoph Rosenfelder<\/li>\n\n\n\n<li>Achim Ettwein, Finanzen<\/li>\n\n\n\n<li>Johanna Rosenfelder, Schriftf\u00fchrerin<\/li>\n<\/ul>\n\n\n\n<p>Beisitzer:<\/p>\n\n\n\n<div class=\"wp-block-columns is-layout-flex wp-container-core-columns-is-layout-9d6595d7 wp-block-columns-is-layout-flex\">\n<div class=\"wp-block-column is-layout-flow wp-block-column-is-layout-flow\">\n<ul class=\"wp-block-list\">\n<li>Daniela Hils, Beisitzer aus dem \u00c4ltestenkreis<\/li>\n\n\n\n<li>Anja Bublies, Gebet<\/li>\n\n\n\n<li>Elke Brucker, Dienst- und Fachaufsicht<\/li>\n\n\n\n<li>Christoph Rosenfelder, Flohm\u00e4rkte<\/li>\n\n\n\n<li>Andi Haller, Vertreter der Jugend<\/li>\n\n\n\n<li>Samuel Reinbold, Vertreter der Mitglieder<\/li>\n<\/ul>\n\n\n\n<p>Sie erreichen uns hier:<\/p>\n\n\n\n<p>B\u00fcro: Hauptstr. 27a, 78112 St.Georgen<\/p>\n\n\n\n<p>Tel.: 07724-5647, Fax: 07724-859744<\/p>\n<\/div>\n\n\n\n<div class=\"wp-block-column is-layout-flow wp-block-column-is-layout-flow\">\n<figure class=\"wp-block-image size-full\" id=\"attachment_2169\"><img loading=\"lazy\" decoding=\"async\" width=\"1600\" height=\"886\" src=\"https:\/\/www.cvjm-stgeorgen.de\/cvjm_stg\/wp-content\/uploads\/2026\/03\/IMG-20260322-WA0000.jpg\" alt=\"\" class=\"wp-image-2954\" srcset=\"https:\/\/www.cvjm-stgeorgen.de\/cvjm_stg\/wp-content\/uploads\/2026\/03\/IMG-20260322-WA0000.jpg 1600w, https:\/\/www.cvjm-stgeorgen.de\/cvjm_stg\/wp-content\/uploads\/2026\/03\/IMG-20260322-WA0000-300x166.jpg 300w, https:\/\/www.cvjm-stgeorgen.de\/cvjm_stg\/wp-content\/uploads\/2026\/03\/IMG-20260322-WA0000-1024x567.jpg 1024w, https:\/\/www.cvjm-stgeorgen.de\/cvjm_stg\/wp-content\/uploads\/2026\/03\/IMG-20260322-WA0000-768x425.jpg 768w, https:\/\/www.cvjm-stgeorgen.de\/cvjm_stg\/wp-content\/uploads\/2026\/03\/IMG-20260322-WA0000-1536x851.jpg 1536w, https:\/\/www.cvjm-stgeorgen.de\/cvjm_stg\/wp-content\/uploads\/2026\/03\/IMG-20260322-WA0000-1320x731.jpg 1320w\" sizes=\"auto, (max-width: 1600px) 100vw, 1600px\" \/><figcaption class=\"wp-element-caption\">von links: Anja Bublies Gebet, Elke Brucker Dienst und Fachaufsicht, Daniela Hils Beisitzer aus dem \u00c4ltestenkreis, Andi Haller Vertreter der Jugend, Christoph Rosenfelder Flohm\u00e4rkte, Johanna Rosenfelder Schriftf\u00fchrerin, Achim Ettwein Finanzen, nicht auf dem Foto: Samuel Reinbold Vertreter der Mitglieder<\/figcaption><\/figure>\n<\/div>\n<\/div>\n","protected":false},"excerpt":{"rendered":"<p>Gesch\u00e4ftsf\u00fchrender&nbsp;Vorstand: Beisitzer: Sie erreichen uns hier: B\u00fcro: Hauptstr. 27a, 78112 St.Georgen Tel.: 07724-5647, Fax: 07724-859744<\/p>\n","protected":false},"author":12,"featured_media":0,"parent":380,"menu_order":0,"comment_status":"closed","ping_status":"closed","template":"","meta":{"footnotes":""},"class_list":["post-2419","page","type-page","status-publish","hentry"],"_links":{"self":[{"href":"https:\/\/www.cvjm-stgeorgen.de\/cvjm_stg\/index.php?rest_route=\/wp\/v2\/pages\/2419","targetHints":{"allow":["GET"]}}],"collection":[{"href":"https:\/\/www.cvjm-stgeorgen.de\/cvjm_stg\/index.php?rest_route=\/wp\/v2\/pages"}],"about":[{"href":"https:\/\/www.cvjm-stgeorgen.de\/cvjm_stg\/index.php?rest_route=\/wp\/v2\/types\/page"}],"author":[{"embeddable":true,"href":"https:\/\/www.cvjm-stgeorgen.de\/cvjm_stg\/index.php?rest_route=\/wp\/v2\/users\/12"}],"replies":[{"embeddable":true,"href":"https:\/\/www.cvjm-stgeorgen.de\/cvjm_stg\/index.php?rest_route=%2Fwp%2Fv2%2Fcomments&post=2419"}],"version-history":[{"count":11,"href":"https:\/\/www.cvjm-stgeorgen.de\/cvjm_stg\/index.php?rest_route=\/wp\/v2\/pages\/2419\/revisions"}],"predecessor-version":[{"id":2956,"href":"https:\/\/www.cvjm-stgeorgen.de\/cvjm_stg\/index.php?rest_route=\/wp\/v2\/pages\/2419\/revisions\/2956"}],"up":[{"embeddable":true,"href":"https:\/\/www.cvjm-stgeorgen.de\/cvjm_stg\/index.php?rest_route=\/wp\/v2\/pages\/380"}],"wp:attachment":[{"href":"https:\/\/www.cvjm-stgeorgen.de\/cvjm_stg\/index.php?rest_route=%2Fwp%2Fv2%2Fmedia&parent=2419"}],"curies":[{"name":"wp","href":"https:\/\/api.w.org\/{rel}","templated":true}]}}