{"id":2427,"date":"2024-02-27T18:55:16","date_gmt":"2024-02-27T18:55:16","guid":{"rendered":"https:\/\/www.cvjm-stgeorgen.de\/cvjm_stg\/?page_id=2427"},"modified":"2024-02-29T10:42:05","modified_gmt":"2024-02-29T10:42:05","slug":"mitglieder","status":"publish","type":"page","link":"https:\/\/www.cvjm-stgeorgen.de\/cvjm_stg\/?page_id=2427","title":{"rendered":"Mitglieder und Freundeskreis"},"content":{"rendered":"\n<p>Unsere ca. 80 Vereinsmitglieder und dar\u00fcber hinaus unsere Freundeskreismitglieder tragen den Verein finanziell, durch praktische Unterst\u00fctzung und ihre F\u00fcrbitte.<\/p>\n\n\n\n<p>Wir sind sehr dankbar f\u00fcr den treuen und zuverl\u00e4ssigen R\u00fcckhalt, den wir durch Mitglieder und Freunde Jahr f\u00fcr Jahr erfahren.<\/p>\n\n\n\n<p>Einmal im Jahr laden wir Freunde und Mitglieder zur Jahreshauptversammlung ein.<\/p>\n\n\n\n<p>Dar\u00fcber hinaus treffen wir uns zum Beispiel bei Flohm\u00e4rkten, dem j\u00e4hrlichen Herbstfest und in Gottesdiensten.<\/p>\n\n\n\n<p><strong>Wir freuen uns, wenn Sie dem CVJM St. Georgen\u00a0oder dem Freundeskreis beitreten wollen.<\/strong><\/p>\n\n\n\n<p>Sie k\u00f6nnen die <a href=\"http:\/\/www.cvjm-stgeorgen.de\/cvjm_stg\/wp-content\/uploads\/2015\/10\/Beitrittserkl\u00e4rung-zur-Mitgliedschaft-des-CVJM-St.Georgen.pdf\">Beitrittserkl\u00e4rung zur Mitgliedschaft im CVJM-St.Georgen<\/a> und \/oder die <a href=\"http:\/\/www.cvjm-stgeorgen.de\/cvjm_stg\/wp-content\/uploads\/2015\/10\/Beitrittserkl\u00e4rung-zum-Freundeskreis-des-CVJM-St.Georgen.pdf\">Beitrittserkl\u00e4rung zum Freundeskreis des CVJM-St.Georgen<\/a> ausdrucken, ausf\u00fcllen und bei einem der Vorstandsmitglieder abgeben oder ans CVJM B\u00fcro (Hauptstr. 27a, 78112 St. Georgen) senden.<\/p>\n\n\n\n<p><strong>Spenden und Mitgliedsbeitr\u00e4ge<\/strong><\/p>\n\n\n\n<p>Wir sind <strong>als gemeinn\u00fctzige Organisation anerkannt.<\/strong> F\u00fcr Spenden und Mitgliedsbeitr\u00e4te stellen wir zu Beginn des Folgejahres Spendenquittungen aus. Die k\u00f6nnen als Sonderausgaben bei der Steuer geltend gemacht werden.<\/p>\n\n\n\n<p><\/p>\n\n\n\n<p><strong>Kostenfrei den CVJM beim Einkaufen unterst\u00fctzen \u00fcber den Bildungsspender:<\/strong><\/p>\n\n\n\n<p>Wir empfehlen grunds\u00e4tzlich bei H\u00e4ndlern vor Ort einzukaufen, denn das sichert dort Arbeitspl\u00e4tze. Doch wer trotzdem bei Online-H\u00e4ndlern einkaufen will, darf das gerne \u00fcber den folgenden Link tun. Wir erhalten bei jeder Bestellung bei den teilnehmenden H\u00e4ndlern eine kleine Verg\u00fctung, die unserer Arbeit zugute kommt.<\/p>\n\n\n\n<p><a href=\"https:\/\/www.bildungsspender.de\/cvjm-st-georgen\">Bildungsspender. Unterst\u00fctze uns beim Online Einkaufen<\/a><\/p>\n","protected":false},"excerpt":{"rendered":"<p>Unsere ca. 80 Vereinsmitglieder und dar\u00fcber hinaus unsere Freundeskreismitglieder tragen den Verein finanziell, durch praktische Unterst\u00fctzung und ihre F\u00fcrbitte. Wir<\/p>\n","protected":false},"author":12,"featured_media":0,"parent":380,"menu_order":0,"comment_status":"closed","ping_status":"closed","template":"","meta":{"footnotes":""},"class_list":["post-2427","page","type-page","status-publish","hentry"],"_links":{"self":[{"href":"https:\/\/www.cvjm-stgeorgen.de\/cvjm_stg\/index.php?rest_route=\/wp\/v2\/pages\/2427","targetHints":{"allow":["GET"]}}],"collection":[{"href":"https:\/\/www.cvjm-stgeorgen.de\/cvjm_stg\/index.php?rest_route=\/wp\/v2\/pages"}],"about":[{"href":"https:\/\/www.cvjm-stgeorgen.de\/cvjm_stg\/index.php?rest_route=\/wp\/v2\/types\/page"}],"author":[{"embeddable":true,"href":"https:\/\/www.cvjm-stgeorgen.de\/cvjm_stg\/index.php?rest_route=\/wp\/v2\/users\/12"}],"replies":[{"embeddable":true,"href":"https:\/\/www.cvjm-stgeorgen.de\/cvjm_stg\/index.php?rest_route=%2Fwp%2Fv2%2Fcomments&post=2427"}],"version-history":[{"count":10,"href":"https:\/\/www.cvjm-stgeorgen.de\/cvjm_stg\/index.php?rest_route=\/wp\/v2\/pages\/2427\/revisions"}],"predecessor-version":[{"id":2520,"href":"https:\/\/www.cvjm-stgeorgen.de\/cvjm_stg\/index.php?rest_route=\/wp\/v2\/pages\/2427\/revisions\/2520"}],"up":[{"embeddable":true,"href":"https:\/\/www.cvjm-stgeorgen.de\/cvjm_stg\/index.php?rest_route=\/wp\/v2\/pages\/380"}],"wp:attachment":[{"href":"https:\/\/www.cvjm-stgeorgen.de\/cvjm_stg\/index.php?rest_route=%2Fwp%2Fv2%2Fmedia&parent=2427"}],"curies":[{"name":"wp","href":"https:\/\/api.w.org\/{rel}","templated":true}]}}