{"id":33,"date":"2011-04-02T18:32:39","date_gmt":"2011-04-02T18:32:39","guid":{"rendered":"http:\/\/www.cvjm-stgeorgen.de\/cvjm_stg\/?page_id=33"},"modified":"2025-12-23T13:57:20","modified_gmt":"2025-12-23T13:57:20","slug":"jugendkreise-2","status":"publish","type":"page","link":"https:\/\/www.cvjm-stgeorgen.de\/cvjm_stg\/?page_id=33","title":{"rendered":"Jungscharen"},"content":{"rendered":"<p><a href=\"http:\/\/www.cvjm-stgeorgen.de\/cvjm_stg\/wp-content\/uploads\/2018\/12\/Kontaktbrief-Dezember-2018-Onlineversion.jpg\"><img loading=\"lazy\" decoding=\"async\" class=\"wp-image-1636  alignright\" src=\"http:\/\/www.cvjm-stgeorgen.de\/cvjm_stg\/wp-content\/uploads\/2018\/12\/Kontaktbrief-Dezember-2018-Onlineversion-300x200.jpg\" alt=\"\" width=\"374\" height=\"250\" srcset=\"https:\/\/www.cvjm-stgeorgen.de\/cvjm_stg\/wp-content\/uploads\/2018\/12\/Kontaktbrief-Dezember-2018-Onlineversion-300x200.jpg 300w, https:\/\/www.cvjm-stgeorgen.de\/cvjm_stg\/wp-content\/uploads\/2018\/12\/Kontaktbrief-Dezember-2018-Onlineversion-768x512.jpg 768w, https:\/\/www.cvjm-stgeorgen.de\/cvjm_stg\/wp-content\/uploads\/2018\/12\/Kontaktbrief-Dezember-2018-Onlineversion-1024x683.jpg 1024w, https:\/\/www.cvjm-stgeorgen.de\/cvjm_stg\/wp-content\/uploads\/2018\/12\/Kontaktbrief-Dezember-2018-Onlineversion-120x80.jpg 120w, https:\/\/www.cvjm-stgeorgen.de\/cvjm_stg\/wp-content\/uploads\/2018\/12\/Kontaktbrief-Dezember-2018-Onlineversion.jpg 1105w\" sizes=\"auto, (max-width: 374px) 100vw, 374px\" \/><\/a>Singen, spielen, basteln, Spass haben und von Gott und seinem Sohn Jesus h\u00f6ren. Kinder und Jugendliche sollen die Gemeinde als einen Ort kennen lernen, an dem Gottes Liebe sp\u00fcrbar ist. Der kreative Umgang mit biblischen Geschichten soll ihnen helfen, die Erfahrungen der biblischen Figuren, die St\u00e4rke der Glaubensaussagen und die Werte einer christlichen Kultur in ihre Lebenswelt zu \u00fcbertragen. Wir wollen dabei jedes Kind in seiner Individualit\u00e4t und Situation beachten. Sie k\u00f6nnen dabei Freunde finden, soziale Regeln erproben, Talente entdecken und dadurch eine starke Pers\u00f6nlichkeit entwickeln.<\/p>\n<p><strong>Brigachhaus<\/strong>:<\/p>\n<p>&#8222;Brigacher Bibel-Chaoten&#8220;<\/p>\n<p>Montags: 15.30 &#8211; 17.00 Uhr<\/p>\n<p>F\u00fcr Jungen und M\u00e4dchen zwischen 6 und 12 J.<\/p>\n<p>(Rebekka B\u00f6singer, Nicole Kern, Elke Brucker, Samantha Lehmann)<\/p>\n<p><strong>\u00d6kumenisches Zentrum, Schwarzwaldstra\u00dfe 2:<\/strong><\/p>\n<p>an ausgew\u00e4hlten Samstagen von 9:00 Uhr &#8211; 12:00 Uhr<\/p>\n<p>F\u00fcr Jungen und M\u00e4dchen der 1. bis 4. Klasse<\/p>\n<p>n\u00e4chste Termine: 31. Januar, 21. Februar,\u00a0<\/p>\n<p>aktuelle Flyer und Termine entnehmen Sie bitte der Rubrik &#8222;News&#8220;<\/p>\n<p>(Samantha Lehmann und Team)<\/p>\n\n\n<p><\/p>\n","protected":false},"excerpt":{"rendered":"<p>Singen, spielen, basteln, Spass haben und von Gott und seinem Sohn Jesus h\u00f6ren. Kinder und Jugendliche sollen die Gemeinde als<\/p>\n","protected":false},"author":12,"featured_media":0,"parent":25,"menu_order":0,"comment_status":"closed","ping_status":"closed","template":"","meta":{"footnotes":""},"class_list":["post-33","page","type-page","status-publish","hentry"],"_links":{"self":[{"href":"https:\/\/www.cvjm-stgeorgen.de\/cvjm_stg\/index.php?rest_route=\/wp\/v2\/pages\/33","targetHints":{"allow":["GET"]}}],"collection":[{"href":"https:\/\/www.cvjm-stgeorgen.de\/cvjm_stg\/index.php?rest_route=\/wp\/v2\/pages"}],"about":[{"href":"https:\/\/www.cvjm-stgeorgen.de\/cvjm_stg\/index.php?rest_route=\/wp\/v2\/types\/page"}],"author":[{"embeddable":true,"href":"https:\/\/www.cvjm-stgeorgen.de\/cvjm_stg\/index.php?rest_route=\/wp\/v2\/users\/12"}],"replies":[{"embeddable":true,"href":"https:\/\/www.cvjm-stgeorgen.de\/cvjm_stg\/index.php?rest_route=%2Fwp%2Fv2%2Fcomments&post=33"}],"version-history":[{"count":45,"href":"https:\/\/www.cvjm-stgeorgen.de\/cvjm_stg\/index.php?rest_route=\/wp\/v2\/pages\/33\/revisions"}],"predecessor-version":[{"id":2895,"href":"https:\/\/www.cvjm-stgeorgen.de\/cvjm_stg\/index.php?rest_route=\/wp\/v2\/pages\/33\/revisions\/2895"}],"up":[{"embeddable":true,"href":"https:\/\/www.cvjm-stgeorgen.de\/cvjm_stg\/index.php?rest_route=\/wp\/v2\/pages\/25"}],"wp:attachment":[{"href":"https:\/\/www.cvjm-stgeorgen.de\/cvjm_stg\/index.php?rest_route=%2Fwp%2Fv2%2Fmedia&parent=33"}],"curies":[{"name":"wp","href":"https:\/\/api.w.org\/{rel}","templated":true}]}}