{"id":380,"date":"2011-11-08T18:01:47","date_gmt":"2011-11-08T18:01:47","guid":{"rendered":"http:\/\/www.cvjm-stgeorgen.de\/cvjm_stg\/?page_id=380"},"modified":"2025-12-06T14:34:21","modified_gmt":"2025-12-06T14:34:21","slug":"wir-4","status":"publish","type":"page","link":"https:\/\/www.cvjm-stgeorgen.de\/cvjm_stg\/?page_id=380","title":{"rendered":"Wir"},"content":{"rendered":"<p><a href=\"https:\/\/www.cvjm-stgeorgen.de\/cvjm_stg\/wp-content\/uploads\/2025\/12\/1000027822-scaled.jpg\"><img loading=\"lazy\" decoding=\"async\" class=\"wp-image-2876 aligncenter\" src=\"https:\/\/www.cvjm-stgeorgen.de\/cvjm_stg\/wp-content\/uploads\/2025\/12\/1000027822-300x145.jpg\" alt=\"\" width=\"861\" height=\"416\" srcset=\"https:\/\/www.cvjm-stgeorgen.de\/cvjm_stg\/wp-content\/uploads\/2025\/12\/1000027822-300x145.jpg 300w, https:\/\/www.cvjm-stgeorgen.de\/cvjm_stg\/wp-content\/uploads\/2025\/12\/1000027822-1024x494.jpg 1024w, https:\/\/www.cvjm-stgeorgen.de\/cvjm_stg\/wp-content\/uploads\/2025\/12\/1000027822-768x371.jpg 768w, https:\/\/www.cvjm-stgeorgen.de\/cvjm_stg\/wp-content\/uploads\/2025\/12\/1000027822-1536x741.jpg 1536w, https:\/\/www.cvjm-stgeorgen.de\/cvjm_stg\/wp-content\/uploads\/2025\/12\/1000027822-2048x989.jpg 2048w, https:\/\/www.cvjm-stgeorgen.de\/cvjm_stg\/wp-content\/uploads\/2025\/12\/1000027822-1320x637.jpg 1320w\" sizes=\"auto, (max-width: 861px) 100vw, 861px\" \/><\/a><\/p>\n<p>Der CVJM St.Georgen e.V. ist mit der Kinder- und Jugendarbeit f\u00fcr die beiden Gemeindebezirke Lorenz und Johannes der evangelischen Kirchengemeinden St. Georgen-Tennenbronn beauftragt. Zum gr\u00f6\u00dften Teil wird die Anstellung unserer Hauptamtlichen und die laufende Arbeit durch Spenden der Mitglieder und dem Freundeskreis erm\u00f6glicht. Der Erl\u00f6s der Flohm\u00e4rkte kommt ebenso dieser Arbeit zugute. Rund 10-15 ehrenamtliche Mitarbeiter engagieren sich f\u00fcr Kinder und Jugendliche in den Gruppen und Veranstaltungen.<\/p>\n<p>Der Christliche Verein Junger Menschen m\u00f6chte Gottes gute Nachricht f\u00fcr Kinder und Jugendliche erfahrbar machen und zu dem gro\u00dfen Abenteuer einladen, das ein Leben mit Jesus bringt.<\/p>\n<p><strong>Die Vision des CVJM St.Georgen<\/strong><\/p>\n<p>Der CVJM St.Georgen existiert, um Menschen mit Jesus Christus bekannt zu machen, in J\u00fcngerschaft zu f\u00fchren und zum Dienst zu bef\u00e4higen, damit ein erf\u00fclltes Leben mit Gott und den Mitmenschen m\u00f6glich ist.<\/p>\n<p><strong>Mit welcher Haltung wollen wir das tun?<\/strong><\/p>\n<ul>\n<li>Unser Reden und handeln soll IN LIEBE geschehen, weil wir von Gott Geliebt sind.<\/li>\n<li>Wir leben aus dem Vertrauen auf unseren Herrn und haben Hoffnung f\u00fcr die Menschen.<\/li>\n<li>Wir wollen gn\u00e4dig und tolerant sein.<\/li>\n<\/ul>\n<p><strong>Was sollen wir als CVJM sein?<\/strong><\/p>\n<ul>\n<li>Wir m\u00f6chten Heimat und Familie sein und gleichzeitig offen bleiben f\u00fcr neue Menschen. Wir m\u00f6chten ermutigend sein, positives Vorbild und \u00dcbungsplatz f\u00fcr im Alltag gelebten Glauben.<\/li>\n<\/ul>\n<p><strong>Was sollen wir als CVJM tun?<\/strong><\/p>\n<ul>\n<li>Schwerpunkt unsere praktischen Arbeit ist es, Angebote f\u00fcr Kinder- und Jugendliche zu planen und durchzuf\u00fchren.<\/li>\n<li>Dabei wollen wir neue Mitarbeiter annehmen, aufnehmen und wertsch\u00e4tzen.<\/li>\n<li>Wir wollen Menschen lehren in Beziehung zu Jesus zu leben. Wir wollen Menschen f\u00f6rdern und einsetzen, damit sie lebendige Bausteine in Gottes Reich sind.<\/li>\n<li>Unser Programm orientiert sich an der Bibel, der <a href=\"https:\/\/www.cvjm.de\/website\/de\/cv\/ueber-uns\/was-ist-der-cvjm-\/pariser-basis\">Pariser Basis<\/a> und an den Bed\u00fcrfnissen der Teilnehmer unter Ber\u00fccksichtigung der F\u00e4higkeiten der Mitarbeitenden.<\/li>\n<\/ul>\n<p>Sie erreichen uns hier:<\/p>\n<p>B\u00fcro: Hauptstr. 27b, 78112 St. Georgen, Tel.: 07724-5647<\/p>\n<p>Samantha Lehmann Mobil: +49 151 5811377<\/p>\n","protected":false},"excerpt":{"rendered":"<p>Der CVJM St.Georgen e.V. ist mit der Kinder- und Jugendarbeit f\u00fcr die beiden Gemeindebezirke Lorenz und Johannes der evangelischen Kirchengemeinden<\/p>\n","protected":false},"author":12,"featured_media":0,"parent":0,"menu_order":3,"comment_status":"closed","ping_status":"closed","template":"","meta":{"footnotes":""},"class_list":["post-380","page","type-page","status-publish","hentry"],"_links":{"self":[{"href":"https:\/\/www.cvjm-stgeorgen.de\/cvjm_stg\/index.php?rest_route=\/wp\/v2\/pages\/380","targetHints":{"allow":["GET"]}}],"collection":[{"href":"https:\/\/www.cvjm-stgeorgen.de\/cvjm_stg\/index.php?rest_route=\/wp\/v2\/pages"}],"about":[{"href":"https:\/\/www.cvjm-stgeorgen.de\/cvjm_stg\/index.php?rest_route=\/wp\/v2\/types\/page"}],"author":[{"embeddable":true,"href":"https:\/\/www.cvjm-stgeorgen.de\/cvjm_stg\/index.php?rest_route=\/wp\/v2\/users\/12"}],"replies":[{"embeddable":true,"href":"https:\/\/www.cvjm-stgeorgen.de\/cvjm_stg\/index.php?rest_route=%2Fwp%2Fv2%2Fcomments&post=380"}],"version-history":[{"count":87,"href":"https:\/\/www.cvjm-stgeorgen.de\/cvjm_stg\/index.php?rest_route=\/wp\/v2\/pages\/380\/revisions"}],"predecessor-version":[{"id":2878,"href":"https:\/\/www.cvjm-stgeorgen.de\/cvjm_stg\/index.php?rest_route=\/wp\/v2\/pages\/380\/revisions\/2878"}],"wp:attachment":[{"href":"https:\/\/www.cvjm-stgeorgen.de\/cvjm_stg\/index.php?rest_route=%2Fwp%2Fv2%2Fmedia&parent=380"}],"curies":[{"name":"wp","href":"https:\/\/api.w.org\/{rel}","templated":true}]}}