{"id":461,"date":"2012-01-29T17:04:30","date_gmt":"2012-01-29T17:04:30","guid":{"rendered":"http:\/\/www.cvjm-stgeorgen.de\/cvjm_stg\/?page_id=461"},"modified":"2025-08-12T15:44:14","modified_gmt":"2025-08-12T15:44:14","slug":"beitrittserklarung","status":"publish","type":"page","link":"https:\/\/www.cvjm-stgeorgen.de\/cvjm_stg\/?page_id=461","title":{"rendered":"Downloads"},"content":{"rendered":"<p><a href=\"http:\/\/www.cvjm-stgeorgen.de\/cvjm_stg\/wp-content\/uploads\/2017\/02\/Satzung-2016.pdf\">Satzung 2016<\/a><\/p>\n<p><a href=\"http:\/\/www.cvjm-stgeorgen.de\/cvjm_stg\/wp-content\/uploads\/2015\/10\/Beitrittserkl\u00e4rung-zur-Mitgliedschaft-des-CVJM-St.Georgen.pdf\">Beitrittserkl\u00e4rung zur Mitgliedschaft des CVJM-St.Georgen<\/a><\/p>\n<p><a href=\"http:\/\/www.cvjm-stgeorgen.de\/cvjm_stg\/wp-content\/uploads\/2015\/10\/Beitrittserkl\u00e4rung-zum-Freundeskreis-des-CVJM-St.Georgen.pdf\">Beitrittserkl\u00e4rung zum Freundeskreis des CVJM-St.Georgen<\/a><\/p>\n<p><a href=\"https:\/\/www.bildungsspender.de\/cvjm-st-georgen\">Bildungsspender. Unterst\u00fctze uns beim Online Einkaufe<\/a><\/p>\n<p><a href=\"https:\/\/www.cvjm-stgeorgen.de\/cvjm_stg\/wp-content\/uploads\/2023\/06\/Kuchen-Verkauf-des-CVJM.pdf\">Kuchen-Verkauf des CVJM<\/a><\/p>\n<p><a href=\"http:\/\/www.cvjm-stgeorgen.de\/cvjm_stg\/wp-content\/uploads\/2024\/05\/Bredle-Verkauf-des-CVJM.pdf\">Bredle-Verkauf des CVJM<\/a><\/p>\n<p><a href=\"http:\/\/www.cvjm-stgeorgen.de\/cvjm_stg\/wp-content\/uploads\/2025\/08\/Sommer-2025-Kontaktbrief.pdf\">Sommer-2025-Kontaktbrief<\/a><\/p>\n\n\n<p><\/p>\n","protected":false},"excerpt":{"rendered":"<p>Satzung 2016 Beitrittserkl\u00e4rung zur Mitgliedschaft des CVJM-St.Georgen Beitrittserkl\u00e4rung zum Freundeskreis des CVJM-St.Georgen Bildungsspender. Unterst\u00fctze uns beim Online Einkaufe Kuchen-Verkauf des<\/p>\n","protected":false},"author":3,"featured_media":0,"parent":0,"menu_order":10,"comment_status":"closed","ping_status":"closed","template":"","meta":{"footnotes":""},"class_list":["post-461","page","type-page","status-publish","hentry"],"_links":{"self":[{"href":"https:\/\/www.cvjm-stgeorgen.de\/cvjm_stg\/index.php?rest_route=\/wp\/v2\/pages\/461","targetHints":{"allow":["GET"]}}],"collection":[{"href":"https:\/\/www.cvjm-stgeorgen.de\/cvjm_stg\/index.php?rest_route=\/wp\/v2\/pages"}],"about":[{"href":"https:\/\/www.cvjm-stgeorgen.de\/cvjm_stg\/index.php?rest_route=\/wp\/v2\/types\/page"}],"author":[{"embeddable":true,"href":"https:\/\/www.cvjm-stgeorgen.de\/cvjm_stg\/index.php?rest_route=\/wp\/v2\/users\/3"}],"replies":[{"embeddable":true,"href":"https:\/\/www.cvjm-stgeorgen.de\/cvjm_stg\/index.php?rest_route=%2Fwp%2Fv2%2Fcomments&post=461"}],"version-history":[{"count":67,"href":"https:\/\/www.cvjm-stgeorgen.de\/cvjm_stg\/index.php?rest_route=\/wp\/v2\/pages\/461\/revisions"}],"predecessor-version":[{"id":2810,"href":"https:\/\/www.cvjm-stgeorgen.de\/cvjm_stg\/index.php?rest_route=\/wp\/v2\/pages\/461\/revisions\/2810"}],"wp:attachment":[{"href":"https:\/\/www.cvjm-stgeorgen.de\/cvjm_stg\/index.php?rest_route=%2Fwp%2Fv2%2Fmedia&parent=461"}],"curies":[{"name":"wp","href":"https:\/\/api.w.org\/{rel}","templated":true}]}}